{"id":172,"date":"2018-07-25T14:20:53","date_gmt":"2018-07-25T14:20:44","guid":{"rendered":"http:\/\/www.concorde.lu\/?page_id=172"},"modified":"2025-01-17T12:49:16","modified_gmt":"2025-01-17T11:49:16","slug":"a-propos-de-city-concorde","status":"publish","type":"page","link":"https:\/\/www.concorde.lu\/en\/infos-pratiques\/a-propos-de-city-concorde\/","title":{"rendered":"About"},"content":{"rendered":"<p><\/p>\n<h2><strong>City Concorde, your Lifestyle Centre in Luxembourg<\/strong><\/h2>\n<p>More than a shopping centre, the City Concorde is a <strong>living space offering unique experiences<\/strong> revolving around six areas:<\/p>\n<ul>\n<li>fashion,<\/li>\n<li>beauty,<\/li>\n<li>gastronomy,<\/li>\n<li>sport,<\/li>\n<li>leisure,<\/li>\n<li>and services.<\/li>\n<\/ul>\n<p>Since 1974, the City Concord located in<strong> Bertrange<\/strong>, 5 km away from the City of Luxembourg, has been offering the possibility of shopping as well as enjoying entertainment, sports activities, self-care, food and even events and shows, in short, experiencing exceptional moments.<\/p>\n<p><strong>A wide variety of stores<\/strong><\/p>\n<p>At the heart of the City Concorde, you will find <strong>over 100 original and exclusive stores<\/strong>, including a hypermarket, fashion stores, hair salons and beauty salons, a premium car cleaning service, several bars and restaurants, a fitness centre and indoor and outdoor relaxation areas.<\/p>\n<p>The Lifestyle Centre has a rooftop offering a panoramic view, pleasant terraces and a playground offering a pleasant time for young and old alike.<\/p>\n<p><strong>Everything to make your visit the best it can be<\/strong><\/p>\n<p>The City Concorde also has a <strong>permanent reception desk<\/strong>. Located on the ground floor, it will help you get around the centre and answer all your questions. Among other services on offer:<\/p>\n<ul>\n<li>open a gift list for a special occasion,<\/li>\n<li>purchase gift cards for the stores inside the City Concorde,<\/li>\n<li>deposit your belonging in secure lockers, and more.<\/li>\n<\/ul>\n<p>To ensure that you are welcomed in the best conditions, the City Concorde has <strong>2,150 free parking spaces<\/strong>, some of which are fitted with charging stations for electric vehicles.<\/p>\n<p><strong>The City Concorde wishes you a wonderful visit!<\/strong><\/p>\n<p>&nbsp;<\/p>","protected":false},"excerpt":{"rendered":"<p>City Concorde, your Lifestyle Centre in Luxembourg More than a shopping centre, the City Concorde is a living space offering unique experiences revolving around six areas: fashion, beauty, gastronomy, sport, leisure, and services. Since 1974, the City Concord located in Bertrange, 5 km away from the City of Luxembourg, has been offering the possibility of [&hellip;]<\/p>\n","protected":false},"author":1,"featured_media":0,"parent":2296,"menu_order":0,"comment_status":"closed","ping_status":"closed","template":"template-content.php","meta":{"_acf_changed":false,"footnotes":""},"class_list":["post-172","page","type-page","status-publish","hentry"],"acf":{"menu_title":"About City Concorde","image":{"ID":1625,"id":1625,"title":"400","filename":"400-2.jpg","filesize":178294,"url":"https:\/\/www.concorde.lu\/wp-content\/uploads\/2018\/08\/400-2.jpg","link":"https:\/\/www.concorde.lu\/en\/infos-pratiques\/a-propos-de-city-concorde\/400-3\/","alt":"","author":"1","description":"","caption":"","name":"400-3","status":"inherit","uploaded_to":172,"date":"2018-08-28 19:27:21","modified":"2018-08-28 19:27:21","menu_order":0,"mime_type":"image\/jpeg","type":"image","subtype":"jpeg","icon":"https:\/\/www.concorde.lu\/wp-includes\/images\/media\/default.png","width":1140,"height":200,"sizes":{"thumbnail":"https:\/\/www.concorde.lu\/wp-content\/uploads\/2018\/08\/400-2-150x150.jpg","thumbnail-width":150,"thumbnail-height":150,"medium":"https:\/\/www.concorde.lu\/wp-content\/uploads\/2018\/08\/400-2-300x53.jpg","medium-width":300,"medium-height":53,"medium_large":"https:\/\/www.concorde.lu\/wp-content\/uploads\/2018\/08\/400-2-768x135.jpg","medium_large-width":525,"medium_large-height":92,"large":"https:\/\/www.concorde.lu\/wp-content\/uploads\/2018\/08\/400-2-1024x180.jpg","large-width":525,"large-height":92,"1536x1536":"https:\/\/www.concorde.lu\/wp-content\/uploads\/2018\/08\/400-2.jpg","1536x1536-width":1140,"1536x1536-height":200,"2048x2048":"https:\/\/www.concorde.lu\/wp-content\/uploads\/2018\/08\/400-2.jpg","2048x2048-width":1140,"2048x2048-height":200}},"taille":"3","no_title":false,"repeat_menu":false,"todays-special":false,"image_en":false,"content_page":[{"acf_fc_layout":"image_text","title":"City Concorde, your Lifestyle Center in Luxembourg","description":"<p>More than a shopping centre, City Concorde is a <strong>living space <\/strong>offering <strong>unique experiences<\/strong> revolving around six areas:\u00a0 fashion, beauty, gastronomy, sport, leisure and services.<\/p>\n","image":{"ID":76825,"id":76825,"title":"DSC_0264-scaled","filename":"DSC_0264-scaled-1.jpg","filesize":1044214,"url":"https:\/\/www.concorde.lu\/wp-content\/uploads\/2022\/06\/DSC_0264-scaled-1.jpg","link":"https:\/\/www.concorde.lu\/en\/infos-pratiques\/a-propos-de-city-concorde\/dsc_0264-scaled\/","alt":"","author":"1","description":"","caption":"","name":"dsc_0264-scaled","status":"inherit","uploaded_to":172,"date":"2022-06-01 15:32:40","modified":"2022-06-01 15:32:40","menu_order":0,"mime_type":"image\/jpeg","type":"image","subtype":"jpeg","icon":"https:\/\/www.concorde.lu\/wp-includes\/images\/media\/default.png","width":2560,"height":1712,"sizes":{"thumbnail":"https:\/\/www.concorde.lu\/wp-content\/uploads\/2022\/06\/DSC_0264-scaled-1-150x150.jpg","thumbnail-width":150,"thumbnail-height":150,"medium":"https:\/\/www.concorde.lu\/wp-content\/uploads\/2022\/06\/DSC_0264-scaled-1-300x201.jpg","medium-width":300,"medium-height":201,"medium_large":"https:\/\/www.concorde.lu\/wp-content\/uploads\/2022\/06\/DSC_0264-scaled-1-768x514.jpg","medium_large-width":525,"medium_large-height":351,"large":"https:\/\/www.concorde.lu\/wp-content\/uploads\/2022\/06\/DSC_0264-scaled-1-1024x685.jpg","large-width":525,"large-height":351,"1536x1536":"https:\/\/www.concorde.lu\/wp-content\/uploads\/2022\/06\/DSC_0264-scaled-1-1536x1027.jpg","1536x1536-width":1536,"1536x1536-height":1027,"2048x2048":"https:\/\/www.concorde.lu\/wp-content\/uploads\/2022\/06\/DSC_0264-scaled-1-2048x1370.jpg","2048x2048-width":2048,"2048x2048-height":1370}},"image_position":"right"},{"acf_fc_layout":"image_text","title":"Located in Bertrange, just 5 km from Luxembourg-City","description":"<p>Since 1974, City Concorde\u00a0has been offering the possibility of <strong>shopping<\/strong> as well as <strong>enjoying entertainment, sports activities, self-care, food <\/strong>and even events and shows; in short, experiencing <strong>exceptional moments<\/strong>.<\/p>\n","image":{"ID":76826,"id":76826,"title":"20190207_170612-scaled","filename":"20190207_170612-scaled-1.jpg","filesize":546027,"url":"https:\/\/www.concorde.lu\/wp-content\/uploads\/2022\/06\/20190207_170612-scaled-1.jpg","link":"https:\/\/www.concorde.lu\/en\/infos-pratiques\/a-propos-de-city-concorde\/20190207_170612-scaled\/","alt":"","author":"1","description":"","caption":"","name":"20190207_170612-scaled","status":"inherit","uploaded_to":172,"date":"2022-06-01 15:33:39","modified":"2022-06-01 15:33:39","menu_order":0,"mime_type":"image\/jpeg","type":"image","subtype":"jpeg","icon":"https:\/\/www.concorde.lu\/wp-includes\/images\/media\/default.png","width":2560,"height":1440,"sizes":{"thumbnail":"https:\/\/www.concorde.lu\/wp-content\/uploads\/2022\/06\/20190207_170612-scaled-1-150x150.jpg","thumbnail-width":150,"thumbnail-height":150,"medium":"https:\/\/www.concorde.lu\/wp-content\/uploads\/2022\/06\/20190207_170612-scaled-1-300x169.jpg","medium-width":300,"medium-height":169,"medium_large":"https:\/\/www.concorde.lu\/wp-content\/uploads\/2022\/06\/20190207_170612-scaled-1-768x432.jpg","medium_large-width":525,"medium_large-height":295,"large":"https:\/\/www.concorde.lu\/wp-content\/uploads\/2022\/06\/20190207_170612-scaled-1-1024x576.jpg","large-width":525,"large-height":295,"1536x1536":"https:\/\/www.concorde.lu\/wp-content\/uploads\/2022\/06\/20190207_170612-scaled-1-1536x864.jpg","1536x1536-width":1536,"1536x1536-height":864,"2048x2048":"https:\/\/www.concorde.lu\/wp-content\/uploads\/2022\/06\/20190207_170612-scaled-1-2048x1152.jpg","2048x2048-width":2048,"2048x2048-height":1152}},"image_position":"left"},{"acf_fc_layout":"image_text","title":"A wide variety of shops","description":"<p>At the heart of City Concorde, you will find <strong>over 100 original and exclusive shops<\/strong>, including a <strong>hypermarket<\/strong>, <strong>fashion stores<\/strong>, <strong>hair &amp; beauty salons,<\/strong>\u00a0a premium car cleaning service, <strong>several bars and restaurants<\/strong>, a <strong>fitness center<\/strong> and in- and outdoor <strong>relaxation areas<\/strong>.<\/p>\n<p>The Lifestyle Centre has a <strong>rooftop<\/strong> <strong>with a panoramic view<\/strong>, <strong>pleasant terraces<\/strong> and a <strong>playground,<\/strong> offering a pleasant time for young and old alike.<\/p>\n","image":{"ID":76827,"id":76827,"title":"DSC_9979","filename":"DSC_9979.jpg","filesize":2064169,"url":"https:\/\/www.concorde.lu\/wp-content\/uploads\/2022\/06\/DSC_9979.jpg","link":"https:\/\/www.concorde.lu\/en\/infos-pratiques\/a-propos-de-city-concorde\/dsc_9979-3\/","alt":"","author":"1","description":"","caption":"","name":"dsc_9979-3","status":"inherit","uploaded_to":172,"date":"2022-06-01 15:34:10","modified":"2022-06-01 15:34:10","menu_order":0,"mime_type":"image\/jpeg","type":"image","subtype":"jpeg","icon":"https:\/\/www.concorde.lu\/wp-includes\/images\/media\/default.png","width":1440,"height":960,"sizes":{"thumbnail":"https:\/\/www.concorde.lu\/wp-content\/uploads\/2022\/06\/DSC_9979-150x150.jpg","thumbnail-width":150,"thumbnail-height":150,"medium":"https:\/\/www.concorde.lu\/wp-content\/uploads\/2022\/06\/DSC_9979-300x200.jpg","medium-width":300,"medium-height":200,"medium_large":"https:\/\/www.concorde.lu\/wp-content\/uploads\/2022\/06\/DSC_9979-768x512.jpg","medium_large-width":525,"medium_large-height":350,"large":"https:\/\/www.concorde.lu\/wp-content\/uploads\/2022\/06\/DSC_9979-1024x683.jpg","large-width":525,"large-height":350,"1536x1536":"https:\/\/www.concorde.lu\/wp-content\/uploads\/2022\/06\/DSC_9979.jpg","1536x1536-width":1440,"1536x1536-height":960,"2048x2048":"https:\/\/www.concorde.lu\/wp-content\/uploads\/2022\/06\/DSC_9979.jpg","2048x2048-width":1440,"2048x2048-height":960}},"image_position":"right"},{"acf_fc_layout":"image_text","title":"Everything to make your visit the best it can be","description":"<p>City Concorde also has a <strong>permanent reception desk<\/strong>. Located on the ground floor, it will help you get around the centre and answer all your questions. Among other services on offer: open a gift list for a special occasion, purchase gift cards for the shops inside City Concorde, deposit your belonging in secure lockers, and more.<\/p>\n<p>To ensure that you are welcomed in the best conditions, City Concorde has <strong>2,150 free parking spaces<\/strong>, some of which are fitted with <strong>charging stations for electric vehicles<\/strong>.<\/p>\n<p><strong>City Concorde wishes you a wonderful visit!<\/strong><\/p>\n","image":false,"image_position":"left"},{"acf_fc_layout":"image_text","title":"Informatioun sur le traitement des donn\u00e9es \u00e0 caract\u00e8re personnel li\u00e9 \u00e0 la vid\u00e9osurveillance.","description":"<p><a href=\"https:\/\/www.concorde.lu\/videosurveillance\/\" target=\"_blank\" rel=\"noopener\">Open PDF<\/a><\/p>\n","image":false,"image_position":"left"}]},"yoast_head":"<!-- This site is optimized with the Yoast SEO plugin v26.6 - https:\/\/yoast.com\/wordpress\/plugins\/seo\/ -->\n<title>About - City Concorde Shopping Center<\/title>\n<meta name=\"robots\" content=\"index, follow, max-snippet:-1, max-image-preview:large, max-video-preview:-1\" \/>\n<link rel=\"canonical\" href=\"https:\/\/www.concorde.lu\/en\/infos-pratiques\/a-propos-de-city-concorde\/\" \/>\n<meta property=\"og:locale\" content=\"en_US\" \/>\n<meta property=\"og:type\" content=\"article\" \/>\n<meta property=\"og:title\" content=\"About - City Concorde Shopping Center\" \/>\n<meta property=\"og:description\" content=\"City Concorde, your Lifestyle Centre in Luxembourg More than a shopping centre, the City Concorde is a living space offering unique experiences revolving around six areas: fashion, beauty, gastronomy, sport, leisure, and services. Since 1974, the City Concord located in Bertrange, 5 km away from the City of Luxembourg, has been offering the possibility of [&hellip;]\" \/>\n<meta property=\"og:url\" content=\"https:\/\/www.concorde.lu\/en\/infos-pratiques\/a-propos-de-city-concorde\/\" \/>\n<meta property=\"og:site_name\" content=\"City Concorde Shopping Center\" \/>\n<meta property=\"article:modified_time\" content=\"2025-01-17T11:49:16+00:00\" \/>\n<meta name=\"twitter:card\" content=\"summary_large_image\" \/>\n<meta name=\"twitter:label1\" content=\"Est. reading time\" \/>\n\t<meta name=\"twitter:data1\" content=\"2 minutes\" \/>\n<script type=\"application\/ld+json\" class=\"yoast-schema-graph\">{\"@context\":\"https:\/\/schema.org\",\"@graph\":[{\"@type\":\"WebPage\",\"@id\":\"https:\/\/www.concorde.lu\/en\/infos-pratiques\/a-propos-de-city-concorde\/\",\"url\":\"https:\/\/www.concorde.lu\/en\/infos-pratiques\/a-propos-de-city-concorde\/\",\"name\":\"About - City Concorde Shopping Center\",\"isPartOf\":{\"@id\":\"https:\/\/www.concorde.lu\/en\/#website\"},\"datePublished\":\"2018-07-25T14:20:44+00:00\",\"dateModified\":\"2025-01-17T11:49:16+00:00\",\"breadcrumb\":{\"@id\":\"https:\/\/www.concorde.lu\/en\/infos-pratiques\/a-propos-de-city-concorde\/#breadcrumb\"},\"inLanguage\":\"en-US\",\"potentialAction\":[{\"@type\":\"ReadAction\",\"target\":[[\"https:\/\/www.concorde.lu\/en\/infos-pratiques\/a-propos-de-city-concorde\/\"]]}]},{\"@type\":\"BreadcrumbList\",\"@id\":\"https:\/\/www.concorde.lu\/en\/infos-pratiques\/a-propos-de-city-concorde\/#breadcrumb\",\"itemListElement\":[{\"@type\":\"ListItem\",\"position\":1,\"name\":\"Home\",\"item\":\"https:\/\/www.concorde.lu\/en\/\"},{\"@type\":\"ListItem\",\"position\":2,\"name\":\"Infos pratiques\",\"item\":\"https:\/\/www.concorde.lu\/en\/infos-pratiques\/\"},{\"@type\":\"ListItem\",\"position\":3,\"name\":\"About\"}]},{\"@type\":\"WebSite\",\"@id\":\"https:\/\/www.concorde.lu\/en\/#website\",\"url\":\"https:\/\/www.concorde.lu\/en\/\",\"name\":\"City Concorde Shopping Center\",\"description\":\"\",\"publisher\":{\"@id\":\"https:\/\/www.concorde.lu\/en\/#organization\"},\"potentialAction\":[{\"@type\":\"SearchAction\",\"target\":{\"@type\":\"EntryPoint\",\"urlTemplate\":\"https:\/\/www.concorde.lu\/en\/?s={search_term_string}\"},\"query-input\":{\"@type\":\"PropertyValueSpecification\",\"valueRequired\":true,\"valueName\":\"search_term_string\"}}],\"inLanguage\":\"en-US\"},{\"@type\":\"Organization\",\"@id\":\"https:\/\/www.concorde.lu\/en\/#organization\",\"name\":\"City Concorde Shopping Center\",\"url\":\"https:\/\/www.concorde.lu\/en\/\",\"logo\":{\"@type\":\"ImageObject\",\"inLanguage\":\"en-US\",\"@id\":\"https:\/\/www.concorde.lu\/en\/#\/schema\/logo\/image\/\",\"url\":\"https:\/\/www.concorde.lu\/wp-content\/uploads\/2018\/07\/cropped-screenshot.png\",\"contentUrl\":\"https:\/\/www.concorde.lu\/wp-content\/uploads\/2018\/07\/cropped-screenshot.png\",\"width\":250,\"height\":250,\"caption\":\"City Concorde Shopping Center\"},\"image\":{\"@id\":\"https:\/\/www.concorde.lu\/en\/#\/schema\/logo\/image\/\"}}]}<\/script>\n<!-- \/ Yoast SEO plugin. -->","yoast_head_json":{"title":"About - City Concorde Shopping Center","robots":{"index":"index","follow":"follow","max-snippet":"max-snippet:-1","max-image-preview":"max-image-preview:large","max-video-preview":"max-video-preview:-1"},"canonical":"https:\/\/www.concorde.lu\/en\/infos-pratiques\/a-propos-de-city-concorde\/","og_locale":"en_US","og_type":"article","og_title":"About - City Concorde Shopping Center","og_description":"City Concorde, your Lifestyle Centre in Luxembourg More than a shopping centre, the City Concorde is a living space offering unique experiences revolving around six areas: fashion, beauty, gastronomy, sport, leisure, and services. Since 1974, the City Concord located in Bertrange, 5 km away from the City of Luxembourg, has been offering the possibility of [&hellip;]","og_url":"https:\/\/www.concorde.lu\/en\/infos-pratiques\/a-propos-de-city-concorde\/","og_site_name":"City Concorde Shopping Center","article_modified_time":"2025-01-17T11:49:16+00:00","twitter_card":"summary_large_image","twitter_misc":{"Est. reading time":"2 minutes"},"schema":{"@context":"https:\/\/schema.org","@graph":[{"@type":"WebPage","@id":"https:\/\/www.concorde.lu\/en\/infos-pratiques\/a-propos-de-city-concorde\/","url":"https:\/\/www.concorde.lu\/en\/infos-pratiques\/a-propos-de-city-concorde\/","name":"About - City Concorde Shopping Center","isPartOf":{"@id":"https:\/\/www.concorde.lu\/en\/#website"},"datePublished":"2018-07-25T14:20:44+00:00","dateModified":"2025-01-17T11:49:16+00:00","breadcrumb":{"@id":"https:\/\/www.concorde.lu\/en\/infos-pratiques\/a-propos-de-city-concorde\/#breadcrumb"},"inLanguage":"en-US","potentialAction":[{"@type":"ReadAction","target":[["https:\/\/www.concorde.lu\/en\/infos-pratiques\/a-propos-de-city-concorde\/"]]}]},{"@type":"BreadcrumbList","@id":"https:\/\/www.concorde.lu\/en\/infos-pratiques\/a-propos-de-city-concorde\/#breadcrumb","itemListElement":[{"@type":"ListItem","position":1,"name":"Home","item":"https:\/\/www.concorde.lu\/en\/"},{"@type":"ListItem","position":2,"name":"Infos pratiques","item":"https:\/\/www.concorde.lu\/en\/infos-pratiques\/"},{"@type":"ListItem","position":3,"name":"About"}]},{"@type":"WebSite","@id":"https:\/\/www.concorde.lu\/en\/#website","url":"https:\/\/www.concorde.lu\/en\/","name":"City Concorde Shopping Center","description":"","publisher":{"@id":"https:\/\/www.concorde.lu\/en\/#organization"},"potentialAction":[{"@type":"SearchAction","target":{"@type":"EntryPoint","urlTemplate":"https:\/\/www.concorde.lu\/en\/?s={search_term_string}"},"query-input":{"@type":"PropertyValueSpecification","valueRequired":true,"valueName":"search_term_string"}}],"inLanguage":"en-US"},{"@type":"Organization","@id":"https:\/\/www.concorde.lu\/en\/#organization","name":"City Concorde Shopping Center","url":"https:\/\/www.concorde.lu\/en\/","logo":{"@type":"ImageObject","inLanguage":"en-US","@id":"https:\/\/www.concorde.lu\/en\/#\/schema\/logo\/image\/","url":"https:\/\/www.concorde.lu\/wp-content\/uploads\/2018\/07\/cropped-screenshot.png","contentUrl":"https:\/\/www.concorde.lu\/wp-content\/uploads\/2018\/07\/cropped-screenshot.png","width":250,"height":250,"caption":"City Concorde Shopping Center"},"image":{"@id":"https:\/\/www.concorde.lu\/en\/#\/schema\/logo\/image\/"}}]}},"_links":{"self":[{"href":"https:\/\/www.concorde.lu\/en\/wp-json\/wp\/v2\/pages\/172","targetHints":{"allow":["GET"]}}],"collection":[{"href":"https:\/\/www.concorde.lu\/en\/wp-json\/wp\/v2\/pages"}],"about":[{"href":"https:\/\/www.concorde.lu\/en\/wp-json\/wp\/v2\/types\/page"}],"author":[{"embeddable":true,"href":"https:\/\/www.concorde.lu\/en\/wp-json\/wp\/v2\/users\/1"}],"replies":[{"embeddable":true,"href":"https:\/\/www.concorde.lu\/en\/wp-json\/wp\/v2\/comments?post=172"}],"version-history":[{"count":36,"href":"https:\/\/www.concorde.lu\/en\/wp-json\/wp\/v2\/pages\/172\/revisions"}],"predecessor-version":[{"id":141968,"href":"https:\/\/www.concorde.lu\/en\/wp-json\/wp\/v2\/pages\/172\/revisions\/141968"}],"up":[{"embeddable":true,"href":"https:\/\/www.concorde.lu\/en\/wp-json\/wp\/v2\/pages\/2296"}],"wp:attachment":[{"href":"https:\/\/www.concorde.lu\/en\/wp-json\/wp\/v2\/media?parent=172"}],"curies":[{"name":"wp","href":"https:\/\/api.w.org\/{rel}","templated":true}]}}